{"id":1033,"date":"2015-02-03T11:30:52","date_gmt":"2015-02-03T11:30:52","guid":{"rendered":"http:\/\/xn--centroa-9za.es\/?page_id=1033"},"modified":"2015-07-14T17:32:06","modified_gmt":"2015-07-14T17:32:06","slug":"contacto","status":"publish","type":"page","link":"https:\/\/xn--centroa-9za.es\/es\/contacto\/","title":{"rendered":"Contacto"},"content":{"rendered":"\n<div class=\"row\"><div class=\"col-lg-max\">\n        <div id=\"google_map_1147\" class=\"google_map\" style=\"width:100%;height:350px;\"><\/div><\/div><\/div> <script type=\"text\/javascript\">\n      function JawGoogleMapLoaded (){\n                var location = new google.maps.LatLng(43.367426, -8.422751);\n                var mapOptions = {\n                  center: location,\n                  zoom: 14,\n                  panControl: 1,\n                  zoomControl: 1,\n                  zoomControlOptions: {\n                      style: google.maps.ZoomControlStyle.SMALL,\n                      position: google.maps.ControlPosition.TOP_LEFT\n                  },\n                   mapTypeControl: 1,\n                   mapTypeControlOptions: {\n                      style: google.maps.MapTypeControlStyle.DROPDOWN_MENU,\n                      position: google.maps.ControlPosition.TOP_RIGHT\n                   },\n                   scaleControl: false,\n                   streetViewControl: false,\n                   overviewMapControl: false,\n                   draggable: 1,\n                   disableDoubleClickZoom: 1,\n                   scrollwheel: 0,\n                   mapTypeId: google.maps.MapTypeId.ROADMAP\n                };\n                var map = new google.maps.Map(document.getElementById(\"google_map_1147\"), mapOptions);\n                        var contentString = \"Centro\\u00f1a Produci\\u00f3ns\";\n                        var infowindow = new google.maps.InfoWindow({\n                            content: contentString\n                        });\n                        var marker = new google.maps.Marker({\n                                                                position: location,\n                                                                map: map\n                                                          });infowindow.setContent(\"Centro\\u00f1a Produci\\u00f3ns\");infowindow.open(map,marker); \n                                google.maps.event.addListener(marker, \"click\", function() {\n                                    infowindow.setContent(\"Centro\\u00f1a Produci\\u00f3ns\");\n                                                        infowindow.open(map,this);\n                                    });}\n                <\/script>\n<p><div class=\"builder-section col-xs-12 col-sm-6 col-lg-6 col-md-6  \" >\n\n        \n<div class=\"contact-container\">\n    \n            <div class=\"contact-elements-container\">\n            <div class=\"contact-address\">\n                                                            <i class=\"icon-home2\"><\/i>\n                        <p>Profesor Luis D\u00edaz Gonz\u00e1lez, Local 13-E,                                                                                         A Coru\u00f1a (15011),                                                     <\/div>\n        \n        <div class=\"contact-contact\">\n                            <div class=\"contact-mail\">\n                                            <i class=\"icon-mail4\"><\/i>\n                                        <p><a href=\"mailto:info@centro\u00f1a.es\"> info@centro\u00f1a.es<\/a><\/p>\n                <\/div>\n            \n                            <div class=\"contact-mail\">\n                                            <i class=\" icon-phone2  \"><\/i>\n                                        <p><a href=\"skype:981 925 122?call\"> 981 925 122<\/a><\/p>\n                <\/div>\n            \n                    <\/div>\n    <\/div>\n\n    \n    <\/div>\n\n<\/div>\n<div class=\"builder-section col-xs-12 col-sm-6 col-lg-6 col-md-6  \" >\n\n        <div role=\"form\" class=\"wpcf7\" id=\"wpcf7-f5-o1\" lang=\"es-ES\" dir=\"ltr\">\n<div class=\"screen-reader-response\"><p role=\"status\" aria-live=\"polite\" aria-atomic=\"true\"><\/p> <ul><\/ul><\/div>\n<form action=\"\/es\/wp-json\/wp\/v2\/pages\/1033#wpcf7-f5-o1\" method=\"post\" class=\"wpcf7-form init\" novalidate=\"novalidate\" data-status=\"init\">\n<div style=\"display: none;\">\n<input type=\"hidden\" name=\"_wpcf7\" value=\"5\" \/>\n<input type=\"hidden\" name=\"_wpcf7_version\" value=\"5.6.4\" \/>\n<input type=\"hidden\" name=\"_wpcf7_locale\" value=\"es_ES\" \/>\n<input type=\"hidden\" name=\"_wpcf7_unit_tag\" value=\"wpcf7-f5-o1\" \/>\n<input type=\"hidden\" name=\"_wpcf7_container_post\" value=\"0\" \/>\n<input type=\"hidden\" name=\"_wpcf7_posted_data_hash\" value=\"\" \/>\n<\/div>\n<p>Nombre (requerido)<br \/>\n    <span class=\"wpcf7-form-control-wrap\" data-name=\"your-name\"><input type=\"text\" name=\"your-name\" value=\"\" size=\"40\" class=\"wpcf7-form-control wpcf7-text wpcf7-validates-as-required\" aria-required=\"true\" aria-invalid=\"false\" \/><\/span> <\/p>\n<p>e-mail (requerido)<br \/>\n    <span class=\"wpcf7-form-control-wrap\" data-name=\"your-email\"><input type=\"email\" name=\"your-email\" value=\"\" size=\"40\" class=\"wpcf7-form-control wpcf7-text wpcf7-email wpcf7-validates-as-required wpcf7-validates-as-email\" aria-required=\"true\" aria-invalid=\"false\" \/><\/span> <\/p>\n<p>Asunto<br \/>\n    <span class=\"wpcf7-form-control-wrap\" data-name=\"your-subject\"><input type=\"text\" name=\"your-subject\" value=\"\" size=\"40\" class=\"wpcf7-form-control wpcf7-text\" aria-invalid=\"false\" \/><\/span> <\/p>\n<p>Mensaje<br \/>\n    <span class=\"wpcf7-form-control-wrap\" data-name=\"your-message\"><textarea name=\"your-message\" cols=\"40\" rows=\"10\" class=\"wpcf7-form-control wpcf7-textarea\" aria-invalid=\"false\"><\/textarea><\/span> <\/p>\n<p><input type=\"submit\" value=\"Enviar\" class=\"wpcf7-form-control has-spinner wpcf7-submit\" \/><\/p>\n<div class=\"wpcf7-response-output\" aria-hidden=\"true\"><\/div><\/form><\/div>\n<\/div>\n<\/p>\n","protected":false},"excerpt":{"rendered":"","protected":false},"author":1,"featured_media":0,"parent":0,"menu_order":0,"comment_status":"closed","ping_status":"open","template":"","meta":[],"_links":{"self":[{"href":"https:\/\/xn--centroa-9za.es\/es\/wp-json\/wp\/v2\/pages\/1033"}],"collection":[{"href":"https:\/\/xn--centroa-9za.es\/es\/wp-json\/wp\/v2\/pages"}],"about":[{"href":"https:\/\/xn--centroa-9za.es\/es\/wp-json\/wp\/v2\/types\/page"}],"author":[{"embeddable":true,"href":"https:\/\/xn--centroa-9za.es\/es\/wp-json\/wp\/v2\/users\/1"}],"replies":[{"embeddable":true,"href":"https:\/\/xn--centroa-9za.es\/es\/wp-json\/wp\/v2\/comments?post=1033"}],"version-history":[{"count":25,"href":"https:\/\/xn--centroa-9za.es\/es\/wp-json\/wp\/v2\/pages\/1033\/revisions"}],"predecessor-version":[{"id":1143,"href":"https:\/\/xn--centroa-9za.es\/es\/wp-json\/wp\/v2\/pages\/1033\/revisions\/1143"}],"wp:attachment":[{"href":"https:\/\/xn--centroa-9za.es\/es\/wp-json\/wp\/v2\/media?parent=1033"}],"curies":[{"name":"wp","href":"https:\/\/api.w.org\/{rel}","templated":true}]}}