{"id":1154,"date":"2017-12-30T20:45:13","date_gmt":"2017-12-30T20:45:13","guid":{"rendered":"https:\/\/xn--centroa-9za.es\/es\/?page_id=1154"},"modified":"2021-12-06T21:10:58","modified_gmt":"2021-12-06T21:10:58","slug":"servicios","status":"publish","type":"page","link":"https:\/\/xn--centroa-9za.es\/es\/servicios\/","title":{"rendered":"Servicios"},"content":{"rendered":"<p>En Centro\u00f1a adem\u00e1s de crear y producir grandes formatos para Televisi\u00f3n tambi\u00e9n nos podemos adaptar a tus necesidades. Podemos crear v\u00eddeos personalizados de promoci\u00f3n para tu empresa o asociaci\u00f3n u organizar eventos institucionales como presentaciones o fiestas de empresa adaptados a tus gustos y presupuesto.<\/p>\n","protected":false},"excerpt":{"rendered":"<p>En Centro\u00f1a adem\u00e1s de crear y producir grandes formatos para Televisi\u00f3n tambi\u00e9n nos podemos adaptar a tus necesidades. Podemos crear v\u00eddeos personalizados de promoci\u00f3n para tu empresa o asociaci\u00f3n u organizar eventos institucionales como presentaciones o fiestas de empresa adaptados a tus gustos y presupuesto.<\/p>\n","protected":false},"author":1,"featured_media":1210,"parent":0,"menu_order":0,"comment_status":"closed","ping_status":"closed","template":"","meta":[],"_links":{"self":[{"href":"https:\/\/xn--centroa-9za.es\/es\/wp-json\/wp\/v2\/pages\/1154"}],"collection":[{"href":"https:\/\/xn--centroa-9za.es\/es\/wp-json\/wp\/v2\/pages"}],"about":[{"href":"https:\/\/xn--centroa-9za.es\/es\/wp-json\/wp\/v2\/types\/page"}],"author":[{"embeddable":true,"href":"https:\/\/xn--centroa-9za.es\/es\/wp-json\/wp\/v2\/users\/1"}],"replies":[{"embeddable":true,"href":"https:\/\/xn--centroa-9za.es\/es\/wp-json\/wp\/v2\/comments?post=1154"}],"version-history":[{"count":3,"href":"https:\/\/xn--centroa-9za.es\/es\/wp-json\/wp\/v2\/pages\/1154\/revisions"}],"predecessor-version":[{"id":1211,"href":"https:\/\/xn--centroa-9za.es\/es\/wp-json\/wp\/v2\/pages\/1154\/revisions\/1211"}],"wp:featuredmedia":[{"embeddable":true,"href":"https:\/\/xn--centroa-9za.es\/es\/wp-json\/wp\/v2\/media\/1210"}],"wp:attachment":[{"href":"https:\/\/xn--centroa-9za.es\/es\/wp-json\/wp\/v2\/media?parent=1154"}],"curies":[{"name":"wp","href":"https:\/\/api.w.org\/{rel}","templated":true}]}}