{"id":1249,"date":"2024-06-27T17:04:33","date_gmt":"2024-06-27T17:04:33","guid":{"rendered":"https:\/\/xn--centroa-9za.es\/es\/?page_id=1249"},"modified":"2024-06-27T17:09:05","modified_gmt":"2024-06-27T17:09:05","slug":"aviso-legal","status":"publish","type":"page","link":"https:\/\/xn--centroa-9za.es\/es\/aviso-legal\/","title":{"rendered":"Aviso legal"},"content":{"rendered":"<\/p>\n<h1>Aviso legal<\/h1>\n<\/p>\n<p>En cumplimiento de la Ley 34\/2002, de 11 de julio, de Servicios de la Sociedad de la Informaci\u00f3n y de Comercio Electr\u00f3nico (LSSI-CE), CENTRO\u00d1A PRODUCI\u00d3NS AUDIOVISUAIS SL informa que es titular del sitio web. De acuerdo con la exigencia del art\u00edculo 10 de la citada Ley, CENTRO\u00d1A PRODUCI\u00d3NS AUDIOVISUAIS SL informa de los siguientes datos:<\/p>\n<\/p>\n<p><strong>RAZ\u00d3N SOCIAL<\/strong> CENTRO\u00d1A PRODUCI\u00d3NS AUDIOVISUAIS SL<br \/><strong>NIF<\/strong> B15928609<br \/><strong>DOMINIO<\/strong> https:\/\/serviciosinternos.conversia.es\/<br \/><strong>DIRECCI\u00d3N POSTAL<\/strong> LUIS D\u00cdAZ GONZ\u00c1LEZ &#8211; BAJO 13E,15011 CORU\u00d1A, A(A CORU\u00d1A)<br \/><strong>DIRECCI\u00d3N ELECTR\u00d3NICA<\/strong> centrona.producions@gmail.com<br \/><strong>TEL\u00c9FONOS<\/strong> 981925122<\/p>\n<\/p>\n<h2>Usuario y r\u00e9gimen de responsabilidades<\/h2>\n<\/p>\n<p>La navegaci\u00f3n, acceso y uso por el sitio web de CENTRO\u00d1A PRODUCI\u00d3NS AUDIOVISUAIS SL confiere la<br \/>condici\u00f3n de usuario. <br \/>El sitio web de CENTRO\u00d1A PRODUCI\u00d3NS AUDIOVISUAIS SL proporciona gran diversidad de informaci\u00f3n, servicios y datos. El usuario asume su responsabilidad en el uso correcto del sitio web. Esta responsabilidad se extender\u00e1 a:<\/p>\n<\/p>\n<ul>\n<li>La veracidad y licitud de las informaciones aportadas por el usuario en los formularios extendidos por CENTRO\u00d1A PRODUCI\u00d3NS AUDIOVISUAIS SL para el acceso a ciertos contenidos o servicios ofrecidos por el web.<\/li>\n<\/p>\n<li>El uso de la informaci\u00f3n, servicios y datos ofrecidos por CENTRO\u00d1A PRODUCI\u00d3NS AUDIOVISUAIS SL contrariamente a lo dispuesto por las presentes condiciones, la Ley, la moral, las buenas costumbres o el orden p\u00fablico, o que de cualquier otro modo puedan suponer lesi\u00f3n de los derechos de terceros o del mismo funcionamiento del sitio web.<\/li>\n<\/ul>\n<\/p>\n<h2>Pol\u00edtica de enlaces y exenciones de responsabilidad<\/h2>\n<\/p>\n<p>CENTRO\u00d1A PRODUCI\u00d3NS AUDIOVISUAIS SL no se hace responsable del contenido de los sitios web a los que el usuario pueda acceder a trav\u00e9s de los enlaces establecidos en su sitio web, siempre que no tenga conocimiento efectivo de que la actividad o la informaci\u00f3n a la que remite o recomienda es il\u00edcita o de que lesiona bienes o derechos de un tercero susceptibles de indemnizaci\u00f3n, o, en caso de tenerlo, act\u00fae con diligencia para suprimir o inutilizar el enlace correspondiente.<br \/>Se entender\u00e1 que CENTRO\u00d1A PRODUCI\u00d3NS AUDIOVISUAIS SL tiene el conocimiento efectivo a que se<br \/>refiere el p\u00e1rrafo anterior cuando un \u00f3rgano competente haya declarado la ilicitud de los datos, ordenado su retirada o que se imposibilite el acceso a los mismos, o se hubiera declarado la existencia de la lesi\u00f3n, y CENTRO\u00d1A PRODUCI\u00d3NS AUDIOVISUAIS SL conociera la correspondiente resoluci\u00f3n, sin perjuicio de los procedimientos de detecci\u00f3n y retirada de contenidos que CENTRO\u00d1A PRODUCI\u00d3NS AUDIOVISUAIS SL aplique en virtud de acuerdos voluntarios y de otros medios de conocimiento efectivo que pudieran establecerse.<br \/>CENTRO\u00d1A PRODUCI\u00d3NS AUDIOVISUAIS SL declara haber adoptado todas las medidas necesarias para evitar cualquier da\u00f1o a los usuarios de su sitio web, que pudieran derivarse de la navegaci\u00f3n por su sitio web. En consecuencia, CENTRO\u00d1A PRODUCI\u00d3NS AUDIOVISUAIS SL no se hace responsable, en ning\u00fan caso, de los eventuales da\u00f1os que por la navegaci\u00f3n por Internet pudiera sufrir el usuario. Asimismo, tampoco garantizar\u00e1 la disponibilidad t\u00e9cnica, exactitud, veracidad, validez o legalidad de sitios ajenos a su propiedad a los que se pueda acceder por medio de los enlaces.<\/p>\n<\/p>\n<h2>Modificaciones<\/h2>\n<\/p>\n<p>CENTRO\u00d1A PRODUCI\u00d3NS AUDIOVISUAIS SL se reserva el derecho a realizar las modificaciones que<br \/>considere oportunas, sin aviso previo, en el contenido de su sitio web. Tanto en lo referente a los contenidos del sitio web, como en las condiciones de uso del mismo, o en las condiciones generales de contrataci\u00f3n. Los cambios a los que hace referencia este apartado, no afectar\u00e1n a las contrataciones realizadas con fecha anterior a la fecha de publicaci\u00f3n de los mismos.<br \/>Dichas modificaciones podr\u00e1n realizarse a trav\u00e9s de su sitio web por cualquier forma admisible en derecho y ser\u00e1n de obligado cumplimiento durante el tiempo en que se encuentren publicadas en el web y hasta que no sean modificadas v\u00e1lidamente por otras posteriores.<\/p>\n<\/p>\n<h2>Indicaci\u00f3n de precios<\/h2>\n<\/p>\n<p>En caso de que se muestren precios de productos y\/o servicios, los indicados en pantalla ser\u00e1n los vigentes en cada momento. Los precios ser\u00e1n indicados en euros y tendr\u00e1n incorporado el Impuesto sobre el Valor A\u00f1adido (IVA). En caso de que no se incorpore el IVA en el precio, se indicar\u00e1 de manera expresa y se permitir\u00e1 al usuario visualizar el precio final completo.<\/p>\n<\/p>\n<p>Asimismo, si fuera aplicable cualquier otro impuesto, as\u00ed se indicar\u00eda, incluyendo, en su caso, el importe de los incrementos o descuentos que sean de aplicaci\u00f3n a la oferta y los gastos adicionales que puedan repercutir al consumidor o usuario.<\/p>\n<\/p>\n<h2>Propiedad intelectual e industrial<\/h2>\n<\/p>\n<p>CENTRO\u00d1A PRODUCI\u00d3NS AUDIOVISUAIS SL por s\u00ed misma o como cesionaria, es titular de todos los derechos de propiedad intelectual e industrial de su p\u00e1gina web, as\u00ed como de los elementos contenidos en la misma (a t\u00edtulo enunciativo, im\u00e1genes, sonido, audio, v\u00eddeo, software o textos; marcas o logotipos, combinaciones de colores, estructura y dise\u00f1o, selecci\u00f3n de materiales usados, programas de ordenador necesarios para su funcionamiento, acceso y uso, etc.), titularidad de CENTRO\u00d1A PRODUCI\u00d3NS AUDIOVISUAIS SL. Ser\u00e1n, por consiguiente, obras protegidas como propiedad intelectual por el ordenamiento jur\u00eddico espa\u00f1ol, si\u00e9ndoles aplicables tanto la normativa espa\u00f1ola y comunitaria en este campo, como los tratados internacionales relativos a la materia y suscritos por Espa\u00f1a.<\/p>\n<\/p>\n<p>Todos los derechos reservados. En virtud de lo dispuesto en la Ley de Propiedad Intelectual, quedan expresamente prohibidas la reproducci\u00f3n, la distribuci\u00f3n y la comunicaci\u00f3n p\u00fablica, incluida su modalidad de puesta a disposici\u00f3n, de la totalidad o parte de los contenidos de esta p\u00e1gina web, con fines comerciales, en cualquier soporte y por cualquier medio t\u00e9cnico, sin la autorizaci\u00f3n de CENTRO\u00d1A PRODUCI\u00d3NS AUDIOVISUAIS SL.<\/p>\n<\/p>\n<p>El usuario se compromete a respetar los derechos de Propiedad Intelectual e Industrial titularidad de CENTRO\u00d1A PRODUCI\u00d3NS AUDIOVISUAIS SL. Podr\u00e1 visualizar los elementos del portal e incluso imprimirlos, copiarlos y almacenarlos en el disco duro de su ordenador o en cualquier otro soporte f\u00edsico siempre y cuando sea, \u00fanica y exclusivamente, para su uso personal y privado. El usuario deber\u00e1 abstenerse de suprimir, alterar, eludir o manipular cualquier dispositivo de protecci\u00f3n o sistema de seguridad que estuviera instalado en las p\u00e1ginas de CENTRO\u00d1A PRODUCI\u00d3NS AUDIOVISUAIS SL.<\/p>\n<\/p>\n<h2>Acciones legales, legislaci\u00f3n aplicable y jurisdicci\u00f3n<\/h2>\n<\/p>\n<p>Si el usuario desea presentar una reclamaci\u00f3n, deber\u00e1 contactar mediante el correo electr\u00f3nico<br \/>centrona.producions@gmail.com. Asimismo, CENTRO\u00d1A PRODUCI\u00d3NS AUDIOVISUAIS SL dispone de hojas oficiales de reclamaci\u00f3n a disposici\u00f3n de los consumidores y usuarios.<\/p>\n<\/p>\n<p>CENTRO\u00d1A PRODUCI\u00d3NS AUDIOVISUAIS SL se reserva la facultad de presentar las acciones civiles o<br \/>penales que considere oportunas por la utilizaci\u00f3n indebida de su sitio web y contenidos, o por el incumplimiento de las presentes condiciones.<\/p>\n<\/p>\n<p>La relaci\u00f3n entre el usuario y el prestador se regir\u00e1 por la normativa vigente y de aplicaci\u00f3n en el territorio espa\u00f1ol. De surgir cualquier controversia las partes podr\u00e1n someter sus conflictos a arbitraje o acudir a la jurisdicci\u00f3n ordinaria cumpliendo con las normas sobre jurisdicci\u00f3n y competencia al respecto. CENTRO\u00d1A PRODUCI\u00d3NS AUDIOVISUAIS SL tiene su domicilio en A CORU\u00d1A, Espa\u00f1a.<\/p>\n<\/p>\n<p>Los contratos celebrados por v\u00eda electr\u00f3nica en los que intervenga como parte un consumidor, se presumir\u00e1n celebrados en el lugar en que \u00e9ste tenga su residencia habitual.<\/p>\n<\/p>\n<p>Los contratos electr\u00f3nicos entre empresarios o profesionales, en defecto de pacto entre las partes, se<br \/>presumir\u00e1n celebrados en el lugar en que est\u00e9 establecido el prestador de servicios.<\/p>\n<\/p>\n<p>Resoluci\u00f3n de litigios en l\u00ednea conforme al Art. 14.1 del Reglamento (UE) 524\/2013: La Comisi\u00f3n Europea facilita una plataforma de resoluci\u00f3n de litigios en l\u00ednea, la cual se encuentra disponible en el siguiente enlace: https:\/\/ec.europa.eu\/consumers\/odr\/<\/p>\n<\/p>\n<p class=\"has-text-align-right\">\u00daLTIMA ACTUALIZACI\u00d3N: 2 de agosto de 2023<\/p><\/p>\n","protected":false},"excerpt":{"rendered":"<p>Aviso legal En cumplimiento de la Ley 34\/2002, de 11 de julio, de Servicios de la Sociedad de la Informaci\u00f3n y de Comercio Electr\u00f3nico (LSSI-CE), CENTRO\u00d1A PRODUCI\u00d3NS AUDIOVISUAIS SL informa que es titular del sitio web. De acuerdo con la exigencia del art\u00edculo 10 de la citada Ley, CENTRO\u00d1A PRODUCI\u00d3NS AUDIOVISUAIS SL informa de los siguientes datos: RAZ\u00d3N SOCIAL CENTRO\u00d1A PRODUCI\u00d3NS AUDIOVISUAIS SLNIF B15928609DOMINIO https:\/\/serviciosinternos.conversia.es\/DIRECCI\u00d3N POSTAL LUIS D\u00cdAZ GONZ\u00c1LEZ &#8211; BAJO 13E,15011 CORU\u00d1A, A(A CORU\u00d1A)DIRECCI\u00d3N ELECTR\u00d3NICA centrona.producions@gmail.comTEL\u00c9FONOS 981925122 Usuario y r\u00e9gimen de responsabilidades La navegaci\u00f3n, acceso y uso por el sitio web de CENTRO\u00d1A PRODUCI\u00d3NS AUDIOVISUAIS SL confiere lacondici\u00f3n de usuario. El sitio web de CENTRO\u00d1A PRODUCI\u00d3NS AUDIOVISUAIS SL proporciona gran diversidad de informaci\u00f3n, servicios y datos. El usuario asume su responsabilidad en el uso correcto del sitio web. Esta responsabilidad se extender\u00e1 a: Pol\u00edtica de enlaces y exenciones de responsabilidad CENTRO\u00d1A PRODUCI\u00d3NS AUDIOVISUAIS SL no se hace responsable del &#8230; <\/p>\n<div class=\"jaw_button\"><a type=\"button\" class=\"btn\" href=\"https:\/\/xn--centroa-9za.es\/es\/aviso-legal\/\">Read more<\/a><\/div>\n","protected":false},"author":1,"featured_media":0,"parent":0,"menu_order":0,"comment_status":"closed","ping_status":"closed","template":"","meta":[],"_links":{"self":[{"href":"https:\/\/xn--centroa-9za.es\/es\/wp-json\/wp\/v2\/pages\/1249"}],"collection":[{"href":"https:\/\/xn--centroa-9za.es\/es\/wp-json\/wp\/v2\/pages"}],"about":[{"href":"https:\/\/xn--centroa-9za.es\/es\/wp-json\/wp\/v2\/types\/page"}],"author":[{"embeddable":true,"href":"https:\/\/xn--centroa-9za.es\/es\/wp-json\/wp\/v2\/users\/1"}],"replies":[{"embeddable":true,"href":"https:\/\/xn--centroa-9za.es\/es\/wp-json\/wp\/v2\/comments?post=1249"}],"version-history":[{"count":6,"href":"https:\/\/xn--centroa-9za.es\/es\/wp-json\/wp\/v2\/pages\/1249\/revisions"}],"predecessor-version":[{"id":1256,"href":"https:\/\/xn--centroa-9za.es\/es\/wp-json\/wp\/v2\/pages\/1249\/revisions\/1256"}],"wp:attachment":[{"href":"https:\/\/xn--centroa-9za.es\/es\/wp-json\/wp\/v2\/media?parent=1249"}],"curies":[{"name":"wp","href":"https:\/\/api.w.org\/{rel}","templated":true}]}}